{"id":16,"date":"2013-10-08T17:00:37","date_gmt":"2013-10-08T17:00:37","guid":{"rendered":"http:\/\/www.hc-family.de\/?page_id=16"},"modified":"2021-12-08T20:23:07","modified_gmt":"2021-12-08T20:23:07","slug":"kontakt","status":"publish","type":"page","link":"https:\/\/www.hc-family.de\/?page_id=16","title":{"rendered":"Kontakt"},"content":{"rendered":"<p>Hardcore-Family e.V.<br \/>\nBuersche Str. 8<br \/>\n49074 Osnabr\u00fcck<\/p>\n<table width=\"604\">\n<tbody>\n<tr>\n<td>Telefon:<\/td>\n<td>+49 (0)541 97005600 (nur an Konzert-Tagen 16-23 Uhr)<\/td>\n<\/tr>\n<tr>\n<td>E-Mail:<\/td>\n<td>office@bastardclub.de<\/td>\n<\/tr>\n<\/tbody>\n<\/table>\n<p><iframe loading=\"lazy\" src=\"https:\/\/maps.google.de\/maps?f=q&amp;source=s_q&amp;hl=de&amp;geocode=&amp;q=Buersche+Str.8++49074+Osnabr%C3%BCck&amp;aq=&amp;sll=51.175806,10.454119&amp;sspn=10.792221,16.940918&amp;t=h&amp;ie=UTF8&amp;hq=&amp;hnear=Buersche+Stra%C3%9Fe+8,+Osnabr%C3%BCck+49074+Osnabr%C3%BCck,+Niedersachsen&amp;z=14&amp;ll=52.275804,8.056442&amp;output=embed\" width=\"425\" height=\"350\" frameborder=\"0\" marginwidth=\"0\" marginheight=\"0\" scrolling=\"no\"><\/iframe><br \/>\n<small><a style=\"color: #0000ff; text-align: left;\" href=\"https:\/\/maps.google.de\/maps?f=q&amp;source=embed&amp;hl=de&amp;geocode=&amp;q=Buersche+Str.8++49074+Osnabr%C3%BCck&amp;aq=&amp;sll=51.175806,10.454119&amp;sspn=10.792221,16.940918&amp;t=h&amp;ie=UTF8&amp;hq=&amp;hnear=Buersche+Stra%C3%9Fe+8,+Osnabr%C3%BCck+49074+Osnabr%C3%BCck,+Niedersachsen&amp;z=14&amp;ll=52.275804,8.056442\">Gr\u00f6\u00dfere Kartenansicht<\/a><\/small><\/p>\n","protected":false},"excerpt":{"rendered":"<p>Hardcore-Family e.V. Buersche Str. 8 49074 Osnabr\u00fcck Telefon: +49 (0)541 97005600 (nur an Konzert-Tagen 16-23 Uhr) E-Mail: office@bastardclub.de Gr\u00f6\u00dfere Kartenansicht<\/p>\n","protected":false},"author":1,"featured_media":0,"parent":0,"menu_order":0,"comment_status":"closed","ping_status":"open","template":"","meta":[],"_links":{"self":[{"href":"https:\/\/www.hc-family.de\/index.php?rest_route=\/wp\/v2\/pages\/16"}],"collection":[{"href":"https:\/\/www.hc-family.de\/index.php?rest_route=\/wp\/v2\/pages"}],"about":[{"href":"https:\/\/www.hc-family.de\/index.php?rest_route=\/wp\/v2\/types\/page"}],"author":[{"embeddable":true,"href":"https:\/\/www.hc-family.de\/index.php?rest_route=\/wp\/v2\/users\/1"}],"replies":[{"embeddable":true,"href":"https:\/\/www.hc-family.de\/index.php?rest_route=%2Fwp%2Fv2%2Fcomments&post=16"}],"version-history":[{"count":7,"href":"https:\/\/www.hc-family.de\/index.php?rest_route=\/wp\/v2\/pages\/16\/revisions"}],"predecessor-version":[{"id":246,"href":"https:\/\/www.hc-family.de\/index.php?rest_route=\/wp\/v2\/pages\/16\/revisions\/246"}],"wp:attachment":[{"href":"https:\/\/www.hc-family.de\/index.php?rest_route=%2Fwp%2Fv2%2Fmedia&parent=16"}],"curies":[{"name":"wp","href":"https:\/\/api.w.org\/{rel}","templated":true}]}}