{"id":33,"date":"2013-10-08T17:27:49","date_gmt":"2013-10-08T17:27:49","guid":{"rendered":"http:\/\/www.hc-family.de\/?page_id=33"},"modified":"2021-12-09T15:00:34","modified_gmt":"2021-12-09T15:00:34","slug":"mitgliedschaft","status":"publish","type":"page","link":"https:\/\/www.hc-family.de\/?page_id=33","title":{"rendered":"Mitgliedschaft"},"content":{"rendered":"<p>Folgende Punkte sind in der Mitgliedschaft enthalten:<\/p>\n<ul>\n<li>Vereinsmitglieder zahlen bei Vereinsveranstaltungen\/Konzerten grunds\u00e4tzlich an der Abendkasse nur den VVK-Preis.<\/li>\n<li>Vereinsmitglieder zahlen bei Party\/Discoveranstaltungen vom Verein 1 \u20ac weniger Eintritt<\/li>\n<li>Die Garderobe im Kassenbereich kostenlos<\/li>\n<li>\n<div dir=\"ltr\" data-angle=\"0\" data-font-name=\"g_font_52_0\" data-canvas-width=\"323.7186821027757\">Pro Jahr einmal zahlen Mitglieder nur 5 \u20ac statt dem vollen Preis f\u00fcr ein frei w\u00e4hlbares Konzert (ausgenommen sind Fremdveranstalter).<\/div>\n<\/li>\n<li>\n<div dir=\"ltr\" data-angle=\"0\" data-font-name=\"g_font_52_0\" data-canvas-width=\"155.33334074020394\">In unregelm\u00e4\u00dfigen Abst\u00e4nden kommt ein Newsletter per E-Mail mit allen frischen Infos und Vereins-Specials, welche nur die Mitglieder erhalten<\/div>\n<\/li>\n<\/ul>\n<p><a href=\"http:\/\/www.hc-family.de\/wp-content\/uploads\/Mitgliedsantrag-2021.pdf\">Anmeldung zur Mitgliedschaft im Verein \u201e HC-Family e. V.\u201c<\/a><\/p>\n<p style=\"text-align: center;\">\u00a0<\/p>\n\n\n<p><\/p>\n","protected":false},"excerpt":{"rendered":"<p>Folgende Punkte sind in der Mitgliedschaft enthalten: Vereinsmitglieder zahlen bei Vereinsveranstaltungen\/Konzerten grunds\u00e4tzlich an der Abendkasse nur den VVK-Preis. Vereinsmitglieder zahlen bei Party\/Discoveranstaltungen vom Verein 1 \u20ac weniger Eintritt Die Garderobe im Kassenbereich kostenlos Pro Jahr einmal zahlen Mitglieder nur 5 \u20ac statt dem vollen Preis f\u00fcr ein frei w\u00e4hlbares Konzert (ausgenommen sind Fremdveranstalter). In unregelm\u00e4\u00dfigen &hellip; <a href=\"https:\/\/www.hc-family.de\/?page_id=33\" class=\"more-link\"><span class=\"screen-reader-text\">Mitgliedschaft<\/span> weiterlesen <span class=\"meta-nav\">&rarr;<\/span><\/a><\/p>\n","protected":false},"author":1,"featured_media":0,"parent":0,"menu_order":0,"comment_status":"closed","ping_status":"open","template":"","meta":[],"_links":{"self":[{"href":"https:\/\/www.hc-family.de\/index.php?rest_route=\/wp\/v2\/pages\/33"}],"collection":[{"href":"https:\/\/www.hc-family.de\/index.php?rest_route=\/wp\/v2\/pages"}],"about":[{"href":"https:\/\/www.hc-family.de\/index.php?rest_route=\/wp\/v2\/types\/page"}],"author":[{"embeddable":true,"href":"https:\/\/www.hc-family.de\/index.php?rest_route=\/wp\/v2\/users\/1"}],"replies":[{"embeddable":true,"href":"https:\/\/www.hc-family.de\/index.php?rest_route=%2Fwp%2Fv2%2Fcomments&post=33"}],"version-history":[{"count":11,"href":"https:\/\/www.hc-family.de\/index.php?rest_route=\/wp\/v2\/pages\/33\/revisions"}],"predecessor-version":[{"id":248,"href":"https:\/\/www.hc-family.de\/index.php?rest_route=\/wp\/v2\/pages\/33\/revisions\/248"}],"wp:attachment":[{"href":"https:\/\/www.hc-family.de\/index.php?rest_route=%2Fwp%2Fv2%2Fmedia&parent=33"}],"curies":[{"name":"wp","href":"https:\/\/api.w.org\/{rel}","templated":true}]}}