{"id":6,"date":"2013-10-08T16:53:23","date_gmt":"2013-10-08T16:53:23","guid":{"rendered":"http:\/\/www.hc-family.de\/?page_id=6"},"modified":"2021-12-09T15:01:36","modified_gmt":"2021-12-09T15:01:36","slug":"der-verein","status":"publish","type":"page","link":"https:\/\/www.hc-family.de\/","title":{"rendered":"Der Verein"},"content":{"rendered":"<p>Mitte 2011 gegr\u00fcndet, verfolgt der Hardcore Family e.V. kontinuierlich seine Ziele: Wir m\u00f6chten die Subkultur des (Punk-)Rocks f\u00f6rdern und die Angebote rund um dieses Genre weiter ausbauen und attraktiv gestalten. Dazu geh\u00f6rt auch, Events zu veranstalten, die f\u00fcr sozial Schw\u00e4chere finanziell tragbar sind. Als Kulturverein m\u00f6chten wir Musik als Kulturgut auch f\u00fcr den kleinen Geldbeutel anbieten.<\/p>\n<p>Aggressionen und andere negative Gef\u00fchle sollen mithilfe des Vereins in positive Energie umgewandelt\u00a0werden. Eine M\u00f6glichkeit des Frustrationsabbaus ist das kreative Schaffen eigener Musikst\u00fccke.<\/p>\n<p>Wir bieten daher den Mitgliedern, Jugendlichen und Nachwuchsk\u00fcnstlern in unserem\u00a0Vereinsheim, dem Bastard Club, die M\u00f6glichkeit, auf der B\u00fchne zu stehen und auch vor\u00a0Publikum aufzutreten.<\/p>\n<p>Oberste Priorit\u00e4t des HCFamily e.V. ist die Vermittlung traditioneller Werte wie Freiheit, Gerechtigkeit,\u00a0Aufrichtigkeit, Respekt, Familie, Freundschaft, Loyalit\u00e4t, Toleranz, Einstehen f\u00fcr einander.<\/p>\n<p>Wir tolerieren keine radikal politischen sowie religi\u00f6sen Ideologien.<\/p>\n<p>Diese Werte vertreten auch unsere Mitglieder. Wir bieten ihnen gesellschaftliche\u00a0Zusammenk\u00fcnfte, wo Gleichgesinnte aufeinander treffen und sich austauschen und\u00a0kennenlernen k\u00f6nnen. Diese Zusammenk\u00fcnfte finden im Rahmen von Konzerten, Parties und\u00a0weiteren Veranstaltungen statt.<br \/><!--\nDer Aktuelle Vorstand\n\n<a href=\"http:\/\/www.hc-family.de\/wp-content\/uploads\/IMAG0060.jpg\"><img loading=\"lazy\" class=\"size-medium wp-image-46 aligncenter\" alt=\"Vorstand 2013\" src=\"http:\/\/www.hc-family.de\/wp-content\/uploads\/IMAG0060-300x169.jpg\" width=\"300\" height=\"169\" srcset=\"https:\/\/www.hc-family.de\/wp-content\/uploads\/IMAG0060-300x169.jpg 300w, https:\/\/www.hc-family.de\/wp-content\/uploads\/IMAG0060-1024x579.jpg 1024w, https:\/\/www.hc-family.de\/wp-content\/uploads\/IMAG0060-624x352.jpg 624w\" sizes=\"(max-width: 300px) 100vw, 300px\" \/><\/a>\n--><\/p>\n<p><a href=\"http:\/\/www.hc-family.de\/wp-content\/uploads\/Mitgliedsantrag-2021.pdf\">WERDE MITGLIED IM VEREIN<\/a><\/p>\n\n\n<p><\/p>\n","protected":false},"excerpt":{"rendered":"<p>Mitte 2011 gegr\u00fcndet, verfolgt der Hardcore Family e.V. kontinuierlich seine Ziele: Wir m\u00f6chten die Subkultur des (Punk-)Rocks f\u00f6rdern und die Angebote rund um dieses Genre weiter ausbauen und attraktiv gestalten. Dazu geh\u00f6rt auch, Events zu veranstalten, die f\u00fcr sozial Schw\u00e4chere finanziell tragbar sind. Als Kulturverein m\u00f6chten wir Musik als Kulturgut auch f\u00fcr den kleinen Geldbeutel &hellip; <a href=\"https:\/\/www.hc-family.de\/\" class=\"more-link\"><span class=\"screen-reader-text\">Der Verein<\/span> weiterlesen <span class=\"meta-nav\">&rarr;<\/span><\/a><\/p>\n","protected":false},"author":1,"featured_media":0,"parent":0,"menu_order":0,"comment_status":"closed","ping_status":"open","template":"","meta":[],"_links":{"self":[{"href":"https:\/\/www.hc-family.de\/index.php?rest_route=\/wp\/v2\/pages\/6"}],"collection":[{"href":"https:\/\/www.hc-family.de\/index.php?rest_route=\/wp\/v2\/pages"}],"about":[{"href":"https:\/\/www.hc-family.de\/index.php?rest_route=\/wp\/v2\/types\/page"}],"author":[{"embeddable":true,"href":"https:\/\/www.hc-family.de\/index.php?rest_route=\/wp\/v2\/users\/1"}],"replies":[{"embeddable":true,"href":"https:\/\/www.hc-family.de\/index.php?rest_route=%2Fwp%2Fv2%2Fcomments&post=6"}],"version-history":[{"count":7,"href":"https:\/\/www.hc-family.de\/index.php?rest_route=\/wp\/v2\/pages\/6\/revisions"}],"predecessor-version":[{"id":249,"href":"https:\/\/www.hc-family.de\/index.php?rest_route=\/wp\/v2\/pages\/6\/revisions\/249"}],"wp:attachment":[{"href":"https:\/\/www.hc-family.de\/index.php?rest_route=%2Fwp%2Fv2%2Fmedia&parent=6"}],"curies":[{"name":"wp","href":"https:\/\/api.w.org\/{rel}","templated":true}]}}